{"id":13,"date":"2021-05-18T04:40:38","date_gmt":"2021-05-18T04:40:38","guid":{"rendered":"http:\/\/studioingegneriamagnoler.com\/?page_id=13"},"modified":"2023-01-14T15:28:46","modified_gmt":"2023-01-14T15:28:46","slug":"services","status":"publish","type":"page","link":"https:\/\/studioingegneriamagnoler.com\/?page_id=13","title":{"rendered":"Services"},"content":{"rendered":"\t\t<div data-elementor-type=\"wp-page\" data-elementor-id=\"13\" class=\"elementor elementor-13\">\n\t\t\t\t\t\t\t\t\t<section class=\"elementor-section elementor-top-section elementor-element elementor-element-2ea897d elementor-section-content-middle elementor-section-boxed elementor-section-height-default elementor-section-height-default\" data-id=\"2ea897d\" data-element_type=\"section\" data-settings=\"{&quot;background_background&quot;:&quot;classic&quot;}\">\n\t\t\t\t\t\t<div class=\"elementor-container elementor-column-gap-no\">\n\t\t\t\t\t<div class=\"elementor-column elementor-col-50 elementor-top-column elementor-element elementor-element-4ad8e35\" data-id=\"4ad8e35\" data-element_type=\"column\">\n\t\t\t<div class=\"elementor-widget-wrap elementor-element-populated\">\n\t\t\t\t\t\t\t\t<div class=\"elementor-element elementor-element-ae5e105 elementor-widget-mobile__width-inherit elementor-widget elementor-widget-heading\" data-id=\"ae5e105\" data-element_type=\"widget\" data-widget_type=\"heading.default\">\n\t\t\t\t<div class=\"elementor-widget-container\">\n\t\t\t<style>\/*! elementor - v3.11.1 - 15-02-2023 *\/\n.elementor-heading-title{padding:0;margin:0;line-height:1}.elementor-widget-heading .elementor-heading-title[class*=elementor-size-]>a{color:inherit;font-size:inherit;line-height:inherit}.elementor-widget-heading .elementor-heading-title.elementor-size-small{font-size:15px}.elementor-widget-heading .elementor-heading-title.elementor-size-medium{font-size:19px}.elementor-widget-heading .elementor-heading-title.elementor-size-large{font-size:29px}.elementor-widget-heading .elementor-heading-title.elementor-size-xl{font-size:39px}.elementor-widget-heading .elementor-heading-title.elementor-size-xxl{font-size:59px}<\/style><h1 class=\"elementor-heading-title elementor-size-default\">STUDIO INGEGNERIA<\/h1>\t\t<\/div>\n\t\t\t\t<\/div>\n\t\t\t\t\t<\/div>\n\t\t<\/div>\n\t\t\t\t<div class=\"elementor-column elementor-col-50 elementor-top-column elementor-element elementor-element-b01694e\" data-id=\"b01694e\" data-element_type=\"column\">\n\t\t\t<div class=\"elementor-widget-wrap elementor-element-populated\">\n\t\t\t\t\t\t\t\t<div class=\"elementor-element elementor-element-4453c8f elementor-widget elementor-widget-image\" data-id=\"4453c8f\" data-element_type=\"widget\" data-widget_type=\"image.default\">\n\t\t\t\t<div class=\"elementor-widget-container\">\n\t\t\t<style>\/*! elementor - v3.11.1 - 15-02-2023 *\/\n.elementor-widget-image{text-align:center}.elementor-widget-image a{display:inline-block}.elementor-widget-image a img[src$=\".svg\"]{width:48px}.elementor-widget-image img{vertical-align:middle;display:inline-block}<\/style>\t\t\t\t\t\t\t\t\t\t\t\t<img decoding=\"async\" width=\"1024\" height=\"712\" src=\"https:\/\/studioingegneriamagnoler.com\/wp-content\/uploads\/2022\/11\/brain-head-self-determination-7532858-1024x712.png\" class=\"attachment-large size-large wp-image-317\" alt=\"brain, head, self-determination-7532858.jpg\" loading=\"lazy\" srcset=\"https:\/\/studioingegneriamagnoler.com\/wp-content\/uploads\/2022\/11\/brain-head-self-determination-7532858-1024x712.png 1024w, https:\/\/studioingegneriamagnoler.com\/wp-content\/uploads\/2022\/11\/brain-head-self-determination-7532858-300x209.png 300w, https:\/\/studioingegneriamagnoler.com\/wp-content\/uploads\/2022\/11\/brain-head-self-determination-7532858-768x534.png 768w, https:\/\/studioingegneriamagnoler.com\/wp-content\/uploads\/2022\/11\/brain-head-self-determination-7532858.png 1280w\" sizes=\"(max-width: 1024px) 100vw, 1024px\" \/>\t\t\t\t\t\t\t\t\t\t\t\t\t\t\t<\/div>\n\t\t\t\t<\/div>\n\t\t\t\t\t<\/div>\n\t\t<\/div>\n\t\t\t\t\t\t\t<\/div>\n\t\t<\/section>\n\t\t\t\t<section class=\"elementor-section elementor-top-section elementor-element elementor-element-ebb772c elementor-section-boxed elementor-section-height-default elementor-section-height-default\" data-id=\"ebb772c\" data-element_type=\"section\" data-settings=\"{&quot;background_background&quot;:&quot;classic&quot;}\">\n\t\t\t\t\t\t<div class=\"elementor-container elementor-column-gap-no\">\n\t\t\t\t\t<div class=\"elementor-column elementor-col-100 elementor-top-column elementor-element elementor-element-f752b22\" data-id=\"f752b22\" data-element_type=\"column\">\n\t\t\t<div class=\"elementor-widget-wrap elementor-element-populated\">\n\t\t\t\t\t\t\t\t<div class=\"elementor-element elementor-element-f12035b elementor-widget-mobile__width-inherit elementor-widget elementor-widget-heading\" data-id=\"f12035b\" data-element_type=\"widget\" data-widget_type=\"heading.default\">\n\t\t\t\t<div class=\"elementor-widget-container\">\n\t\t\t<h2 class=\"elementor-heading-title elementor-size-default\">CHI SONO<\/h2>\t\t<\/div>\n\t\t\t\t<\/div>\n\t\t\t\t<div class=\"elementor-element elementor-element-314a2be elementor-widget elementor-widget-text-editor\" data-id=\"314a2be\" data-element_type=\"widget\" data-widget_type=\"text-editor.default\">\n\t\t\t\t<div class=\"elementor-widget-container\">\n\t\t\t<style>\/*! elementor - v3.11.1 - 15-02-2023 *\/\n.elementor-widget-text-editor.elementor-drop-cap-view-stacked .elementor-drop-cap{background-color:#818a91;color:#fff}.elementor-widget-text-editor.elementor-drop-cap-view-framed .elementor-drop-cap{color:#818a91;border:3px solid;background-color:transparent}.elementor-widget-text-editor:not(.elementor-drop-cap-view-default) .elementor-drop-cap{margin-top:8px}.elementor-widget-text-editor:not(.elementor-drop-cap-view-default) .elementor-drop-cap-letter{width:1em;height:1em}.elementor-widget-text-editor .elementor-drop-cap{float:left;text-align:center;line-height:1;font-size:50px}.elementor-widget-text-editor .elementor-drop-cap-letter{display:inline-block}<\/style>\t\t\t\t\t\t\t\t\t\t<\/div>\n\t\t\t\t<\/div>\n\t\t\t\t\t<\/div>\n\t\t<\/div>\n\t\t\t\t\t\t\t<\/div>\n\t\t<\/section>\n\t\t\t\t<section class=\"elementor-section elementor-top-section elementor-element elementor-element-ace8980 elementor-section-boxed elementor-section-height-default elementor-section-height-default\" data-id=\"ace8980\" data-element_type=\"section\" data-settings=\"{&quot;background_background&quot;:&quot;classic&quot;}\">\n\t\t\t\t\t\t<div class=\"elementor-container elementor-column-gap-default\">\n\t\t\t\t\t<div class=\"elementor-column elementor-col-100 elementor-top-column elementor-element elementor-element-699ca12\" data-id=\"699ca12\" data-element_type=\"column\">\n\t\t\t<div class=\"elementor-widget-wrap elementor-element-populated\">\n\t\t\t\t\t\t\t\t<div class=\"elementor-element elementor-element-827d6f4 elementor-widget elementor-widget-text-editor\" data-id=\"827d6f4\" data-element_type=\"widget\" data-widget_type=\"text-editor.default\">\n\t\t\t\t<div class=\"elementor-widget-container\">\n\t\t\t\t\t\t\t<p>L&#8217;ing. Leonardo Magnoler si \u00e8 laureato in Ingegneria Elettronica presso l&#8217;Universit\u00e0 degli Studi di Bologna nel 1997, e, dopo una breve esperienza lavorativa a Bologna, ha proseguito l&#8217;attivit\u00e0 lavorativa all&#8217;estero, in Spagna, ove ha svolto con esito l&#8217;attivit\u00e0 di ricercatore, dapprima presso l&#8217;Istituto di Astrofisica delle Isola Canarie, a Tenerife, partecipando come sviluppatore hardware e software nel progetto &#8221; Espacio Acustico Virtual&#8221;, uno fra progetti pi\u00f9 interessanti ed importanti a livello nazionale, finalizzato alla creazione di un prototipo di occhiali per persone non vedenti, e successivamente venendo assunto come ricercatore presso L&#8217;Istituto delle Energie Rinnovabili delle Canarie, sempre a Tenerife, ove ha partecipato al progetto di ricerca &#8220;25 Casas Bioclimaticas para la Isla de Tenerife&#8221;, finalizzato alla realizzazione di prototipi di case bioclimatiche, avendo la possibilit\u00e0 di iniziare a lavorare concretamente nel mondo delle energie rinnovabili e degli impianti tecnologici applicati all&#8217;edilizia abitativa. Successivamente, terminato il percorso di ricercatore, ha affrontato la libera professione, specializzandosi nelle tematiche del risparmio energetico e delle energie rinnovabili, svolgendo la propria attivit\u00e0 dapprima in Spagna, a Tenerife, e, a partire dal 2007, trasferendo la propria attivit\u00e0 ed il proprio bagaglio d&#8217;esperienza in Sardegna, operando con successo nel settore della riqualificazione energetica di edifici pubblici e privati, negli impianti da fonti rinnovabili, nell&#8217;impiantistica applicata all&#8217;edilizia pubblica e privata, nonch\u00e8 nella riqualificazione di impianti di illuminazione pubblica e nella diagnosi e certificazione energetica degli edifici. Si \u00e8 inoltre dedicato alla formazione tecnica come docente di diversi corsi di Formazione Professionale di Certificazione Energetica degli Edifici, e di Progettazione di Impianti fotovoltaici presso centri di formazione del nord Sardegna. <br><\/p>\t\t\t\t\t\t<\/div>\n\t\t\t\t<\/div>\n\t\t\t\t\t<\/div>\n\t\t<\/div>\n\t\t\t\t\t\t\t<\/div>\n\t\t<\/section>\n\t\t\t\t\t\t\t<\/div>\n\t\t","protected":false},"excerpt":{"rendered":"<p>STUDIO INGEGNERIA CHI SONO L&#8217;ing. Leonardo Magnoler si \u00e8 laureato in Ingegneria Elettronica presso l&#8217;Universit\u00e0 degli Studi di Bologna nel 1997, e, dopo una breve esperienza lavorativa a Bologna, ha proseguito l&#8217;attivit\u00e0 lavorativa all&#8217;estero, in Spagna, ove ha svolto con esito l&#8217;attivit\u00e0 di ricercatore, dapprima presso l&#8217;Istituto di Astrofisica delle Isola Canarie, a Tenerife, partecipando &hellip;<\/p>\n<p class=\"read-more\"> <a class=\"\" href=\"https:\/\/studioingegneriamagnoler.com\/?page_id=13\"> <span class=\"screen-reader-text\">Services<\/span> Leggi altro &raquo;<\/a><\/p>\n","protected":false},"author":0,"featured_media":0,"parent":0,"menu_order":0,"comment_status":"closed","ping_status":"closed","template":"","meta":{"om_disable_all_campaigns":false,"_mi_skip_tracking":false,"site-sidebar-layout":"no-sidebar","site-content-layout":"page-builder","ast-global-header-display":"","ast-main-header-display":"","ast-hfb-above-header-display":"","ast-hfb-below-header-display":"","ast-hfb-mobile-header-display":"","site-post-title":"disabled","ast-breadcrumbs-content":"","ast-featured-img":"disabled","footer-sml-layout":"","theme-transparent-header-meta":"","adv-header-id-meta":"","stick-header-meta":"","header-above-stick-meta":"","header-main-stick-meta":"","header-below-stick-meta":""},"aioseo_notices":[],"_links":{"self":[{"href":"https:\/\/studioingegneriamagnoler.com\/index.php?rest_route=\/wp\/v2\/pages\/13"}],"collection":[{"href":"https:\/\/studioingegneriamagnoler.com\/index.php?rest_route=\/wp\/v2\/pages"}],"about":[{"href":"https:\/\/studioingegneriamagnoler.com\/index.php?rest_route=\/wp\/v2\/types\/page"}],"replies":[{"embeddable":true,"href":"https:\/\/studioingegneriamagnoler.com\/index.php?rest_route=%2Fwp%2Fv2%2Fcomments&post=13"}],"version-history":[{"count":22,"href":"https:\/\/studioingegneriamagnoler.com\/index.php?rest_route=\/wp\/v2\/pages\/13\/revisions"}],"predecessor-version":[{"id":763,"href":"https:\/\/studioingegneriamagnoler.com\/index.php?rest_route=\/wp\/v2\/pages\/13\/revisions\/763"}],"wp:attachment":[{"href":"https:\/\/studioingegneriamagnoler.com\/index.php?rest_route=%2Fwp%2Fv2%2Fmedia&parent=13"}],"curies":[{"name":"wp","href":"https:\/\/api.w.org\/{rel}","templated":true}]}}