{"id":331,"date":"2022-12-10T15:17:17","date_gmt":"2022-12-10T15:17:17","guid":{"rendered":"https:\/\/studioingegneriamagnoler.com\/?page_id=331"},"modified":"2022-12-11T18:24:41","modified_gmt":"2022-12-11T18:24:41","slug":"bonusfiscali","status":"publish","type":"page","link":"https:\/\/studioingegneriamagnoler.com\/?page_id=331","title":{"rendered":"BONUSFISCALI"},"content":{"rendered":"\t\t<div data-elementor-type=\"wp-page\" data-elementor-id=\"331\" class=\"elementor elementor-331\">\n\t\t\t\t\t\t\t\t\t<section class=\"elementor-section elementor-top-section elementor-element elementor-element-f87073d elementor-section-boxed elementor-section-height-default elementor-section-height-default\" data-id=\"f87073d\" data-element_type=\"section\" data-settings=\"{&quot;background_background&quot;:&quot;classic&quot;}\">\n\t\t\t\t\t\t<div class=\"elementor-container elementor-column-gap-default\">\n\t\t\t\t\t<div class=\"elementor-column elementor-col-50 elementor-top-column elementor-element elementor-element-798f147\" data-id=\"798f147\" data-element_type=\"column\">\n\t\t\t<div class=\"elementor-widget-wrap elementor-element-populated\">\n\t\t\t\t\t\t\t\t<div class=\"elementor-element elementor-element-da45c32 elementor-widget elementor-widget-image\" data-id=\"da45c32\" data-element_type=\"widget\" data-widget_type=\"image.default\">\n\t\t\t\t<div class=\"elementor-widget-container\">\n\t\t\t<style>\/*! elementor - v3.11.1 - 15-02-2023 *\/\n.elementor-widget-image{text-align:center}.elementor-widget-image a{display:inline-block}.elementor-widget-image a img[src$=\".svg\"]{width:48px}.elementor-widget-image img{vertical-align:middle;display:inline-block}<\/style>\t\t\t\t\t\t\t\t\t\t\t\t<img decoding=\"async\" width=\"259\" height=\"195\" src=\"https:\/\/studioingegneriamagnoler.com\/wp-content\/uploads\/2022\/12\/index3.jpg\" class=\"attachment-large size-large wp-image-580\" alt=\"\" loading=\"lazy\" \/>\t\t\t\t\t\t\t\t\t\t\t\t\t\t\t<\/div>\n\t\t\t\t<\/div>\n\t\t\t\t\t<\/div>\n\t\t<\/div>\n\t\t\t\t<div class=\"elementor-column elementor-col-50 elementor-top-column elementor-element elementor-element-40bfb9d\" data-id=\"40bfb9d\" data-element_type=\"column\">\n\t\t\t<div class=\"elementor-widget-wrap elementor-element-populated\">\n\t\t\t\t\t\t\t\t<div class=\"elementor-element elementor-element-0fe8d91 elementor-widget elementor-widget-text-editor\" data-id=\"0fe8d91\" data-element_type=\"widget\" data-widget_type=\"text-editor.default\">\n\t\t\t\t<div class=\"elementor-widget-container\">\n\t\t\t<style>\/*! elementor - v3.11.1 - 15-02-2023 *\/\n.elementor-widget-text-editor.elementor-drop-cap-view-stacked .elementor-drop-cap{background-color:#818a91;color:#fff}.elementor-widget-text-editor.elementor-drop-cap-view-framed .elementor-drop-cap{color:#818a91;border:3px solid;background-color:transparent}.elementor-widget-text-editor:not(.elementor-drop-cap-view-default) .elementor-drop-cap{margin-top:8px}.elementor-widget-text-editor:not(.elementor-drop-cap-view-default) .elementor-drop-cap-letter{width:1em;height:1em}.elementor-widget-text-editor .elementor-drop-cap{float:left;text-align:center;line-height:1;font-size:50px}.elementor-widget-text-editor .elementor-drop-cap-letter{display:inline-block}<\/style>\t\t\t\t<h5><b>Ecobonus: caratteristiche della detrazione<\/b><\/h5>\n<p>L&#8217;Ecobonus \u00e8 un&#8217;agevolazione fiscale prevista per i contribuenti che sostengono spese per interventi di riqualificazione energetica nella propria casa, sugli edifici condominiali o sugli uffici, negozi, capannoni. Tale agevolazione, consiste in una detrazioni dall\u2019Irpef se la spesa \u00e8 effettuata dal contribuente privato o dall\u2019Ires se impresa o societ\u00e0, che lo Stato riconosce quando vengono eseguiti lavori per aumentare l&#8217;efficienza energetica degli edifici gi\u00e0 esistenti.Sono spese detraibili Ecobonus e quindi agevolabili quelle sostenute per ridurre il fabbisogno energetico per il riscaldamento, per migliorare e mantenere il calore all&#8217;interno dell&#8217;edificio come ad esempio la pavimentazione, finestre e infissi o coibentazioni, oltre che l\u2019installazione di pannelli solari e la sostituzione degli impianti di climatizzazione invernale, quindi meno spreco di energia, pi\u00f9 risparmio e maggiore efficienza energetica. <br>La detrazione Irpef spettante per questo tipo di interventi \u00e8 al<b> 65%<\/b>.<\/p>\n<h5>Interventi ammissibili<\/h5>\n<p>&nbsp;Gli interventi che consentono di ottentere la detrazione fiscale del 65% (art. 14 Decreto-legge del 04\/06\/2013 n. 63) sono:<\/p>\n<ul>\n<li>&nbsp;gli interventi di sostituzione di impianti di climatizzazione invernale con impianti dotati di caldaie a condensazione di efficienza almeno pari alla classe A di prodotto e contestuale installazione di sistemi di termoregolazione evoluti<\/li>\n<li>gli interventi di sostituzione di impianti di climatizzazione invernale con impianti dotati di apparecchi ibridi, costituiti da pompa di calore integrata con caldaia a condensazione&nbsp;&nbsp;&nbsp;&nbsp;&nbsp;&nbsp;&nbsp;&nbsp;&nbsp;&nbsp;<\/li>\n<li>&nbsp; gli interventi di sostituzione, integrale o parziale, di impianti di climatizzazione invernale con generatori d&#8217;aria calda a condensazione&nbsp;&nbsp;&nbsp;&nbsp;&nbsp;&nbsp;&nbsp;&nbsp;&nbsp;&nbsp;&nbsp; &nbsp;&nbsp;&nbsp;&nbsp;&nbsp;&nbsp;&nbsp;&nbsp;&nbsp;&nbsp;&nbsp;<\/li>\n<li>interventi di sostituzione di impianti di climatizzazione invernale con impianti dotati di caldaie a condensazione e contestuale messa a punto del sistema di distribuzione&nbsp;&nbsp;&nbsp;&nbsp;&nbsp;&nbsp;&nbsp;&nbsp;&nbsp;&nbsp;&nbsp;<\/li>\n<li>gli interventi di sostituzione, integrale o parziale, di impianti di climatizzazione invernale con pompe di calore ad alta efficienza e con impianti geotermici a bassa entalpia e contestuale messa a punto del sistema di distribuzione&nbsp;&nbsp;&nbsp;&nbsp;&nbsp;&nbsp;&nbsp;&nbsp;&nbsp;&nbsp;<\/li>\n<li>gli interventi di sostituzione di scaldacqua tradizionali con scaldacqua a pompa di calore, dedicati alla produzione di acqua calda sanitaria&nbsp;&nbsp;&nbsp;&nbsp;&nbsp;&nbsp;&nbsp;&nbsp;&nbsp;&nbsp;&nbsp;<\/li>\n<li>l&#8217;acquisto, l&#8217;installazione e la messa in opera di dispositivi multimediali per il controllo da remoto (building automation) degli impianti di riscaldamento o produzione di acqua calda o di climatizzazione delle unit\u00e0 abitative. &nbsp;&nbsp;&nbsp;&nbsp;&nbsp;&nbsp;&nbsp;&nbsp;&nbsp;&nbsp;&nbsp;<\/li>\n<li>gli interventi di riqualificazione energetica;&nbsp;&nbsp;&nbsp;&nbsp;&nbsp;&nbsp;&nbsp;&nbsp;&nbsp;&nbsp;&nbsp;<\/li>\n<li>gli interventi su edifici esistenti, parti di edifici esistenti o unit\u00e0 immobiliari, riguardanti strutture opache verticali (muri), strutture opache orizzontali (coperture e pavimenti). La condizione per fruire dell&#8217;agevolazione \u00e8 che siano rispettati i requisiti di trasmittanza termica U, espressa in W\/mqK, contenuti nell&#8217;allegato E del decreto attuativo del Mise Requisiti;&nbsp;&nbsp;&nbsp;&nbsp;&nbsp;&nbsp;&nbsp;&nbsp;&nbsp;&nbsp;&nbsp;<\/li>\n<li>l&#8217;installazione di impianto pannelli solare termico per la produzione di acqua calda per usi domestici o industriali e per la copertura del fabbisogno di acqua calda in piscine, strutture sportive, case di ricovero e cura, istituti scolastici e universit\u00e0.<\/li>\n<\/ul>\n<h5><b>Tetti di spesa&nbsp; detraibili al 65%<\/b><\/h5>\n<p>Il tetto di spesa massima detraibile con l&#8217;Ecobonus, a prescindere dalla categoria catastale degli immobili esistenti, \u00e8:<\/p>\n<ul>\n<li>&nbsp;&nbsp;&nbsp; Interventi riqualificazione energetica di edifici esistenti 100.000 euro;&nbsp;&nbsp;<\/li>\n<li>Involucro edifici esistenti ad esempio interventi su pareti, finestre e infissi il tetto di spesa massima \u00e8 di 60.000 euro;&nbsp;&nbsp;&nbsp;<\/li>\n<li>Installazione di pannelli solari 60.000 euro;&nbsp;&nbsp;&nbsp;<\/li>\n<li>Sostituzione degli impianti di climatizzazione invernale 30.000 euro<\/li>\n<\/ul>\n<p>La condizione indispensabile per fruire della detrazione \u00e8 che gli interventi siano eseguiti su unit\u00e0 immobiliari e su edifici (o su parti di edifici) esistenti, di qualunque categoria catastale, anche se rurali, compresi quelli strumentali (per l\u2019attivit\u00e0 d\u2019impresa o professionale), purch\u00e8 siano dotati di impianto di riscaldamento.<br>Si pu\u00f2 applicare a negozi, abitazioni, laboratori, uffici, capannoni industriali, magazzini.<\/p>\n<h5><b>Adempimenti<\/b><\/h5>\n<p>Condizione per ottenere l&#8217;Ecobonus \u00e8 rappresentata dall&#8217;invio telematico della scheda intervento all&#8217;Enea, allegando l\u2019asseverazione, a firma di un tecnico, della rispondenza dell\u2019intervento ai requisiti richiesti dalla legge. L&#8217;invio dovr\u00e0 avvenire entro 90 giorni dal termine dei lavori, tramite modalit\u00e0 telematica (sito Enea).<br>In alcuni casi, l&#8217;asseverazione di un professionista pu\u00f2 essere sostituita da una dichiarazione del fornitore del rispetto dei requisiti di accesso all&#8217;incentivo. Nell&#8217;ipotesi di fruizione diretta della detrazione fiscale, nei casi per i quali l&#8217;asseverazione di un professionista pu\u00f2 essere sostituita da una dichiarazione del fornitore, occorre vengano rispettati i prezzi minimi riportati dell&#8217; allegato I del DL Requisiti Tecnici del 20 agosto 2020. In tutti gli altri casi sar\u00e0 richiesta la verifica della congruit\u00e0 dei prezzi da parte di un tecnico abilitato che ne asseveri la sussistenza.<br>A seguito dell&#8217;entrata in vigore del DL Antifrodi nel caso di cessione \ndel credito e sconto in fattura, vige l&#8217;obbligo di verifica della \ncongruit\u00e0 dei prezzi, oltre all&#8217;apposizione del visto di conformit\u00e0 da \nparte del CAF o del commercialista<\/p>\t\t\t\t\t\t<\/div>\n\t\t\t\t<\/div>\n\t\t\t\t<div class=\"elementor-element elementor-element-118d2ea elementor-widget elementor-widget-text-editor\" data-id=\"118d2ea\" data-element_type=\"widget\" data-widget_type=\"text-editor.default\">\n\t\t\t\t<div class=\"elementor-widget-container\">\n\t\t\t\t\t\t\t\t\t\t\t\t\t<\/div>\n\t\t\t\t<\/div>\n\t\t\t\t\t<\/div>\n\t\t<\/div>\n\t\t\t\t\t\t\t<\/div>\n\t\t<\/section>\n\t\t\t\t<section class=\"elementor-section elementor-top-section elementor-element elementor-element-93c60f2 elementor-section-boxed elementor-section-height-default elementor-section-height-default\" data-id=\"93c60f2\" data-element_type=\"section\" data-settings=\"{&quot;background_background&quot;:&quot;classic&quot;}\">\n\t\t\t\t\t\t<div class=\"elementor-container elementor-column-gap-default\">\n\t\t\t\t\t<div class=\"elementor-column elementor-col-50 elementor-top-column elementor-element elementor-element-130ce79\" data-id=\"130ce79\" data-element_type=\"column\">\n\t\t\t<div class=\"elementor-widget-wrap elementor-element-populated\">\n\t\t\t\t\t\t\t\t<div class=\"elementor-element elementor-element-dbca9a0 elementor-widget elementor-widget-text-editor\" data-id=\"dbca9a0\" data-element_type=\"widget\" data-widget_type=\"text-editor.default\">\n\t\t\t\t<div class=\"elementor-widget-container\">\n\t\t\t\t\t\t\t<h4><b>Bonus Casa<\/b><\/h4><p>Gli interventi detraibili al 50% in base al Bonus Casa (art. 14 Decreto-legge del 04\/06\/2013 n. 63) sono:<\/p><ul><li>Fornitura e posa in opera di finestre comprensive di infissi e di schermature solari), porte esterne, portoncini;\u00a0\u00a0\u00a0\u00a0\u00a0\u00a0\u00a0\u00a0\u00a0\u00a0\u00a0<\/li><li>Sostituzione di impianti di climatizzazione invernale con impianti dotati di caldaie a condensazione con efficienza almeno pari alla classe A;<\/li><li>Sostituzione o nuova installazione di impianto di climatizzazione invernale dotati di generatori a biomassa, con un limite massimo della detrazione pari a 30.000 euro.<\/li><\/ul><h5><b>Adempimenti<\/b><\/h5><p>Nell&#8217;ipotesi di fruizione diretta della detrazione fiscale, nei casi per i quali l&#8217;asseverazione di un professionista pu\u00f2 essere sostituita da una dichiarazione del fornitore, occorre vengano rispettati i prezzi minimi riportati dell&#8217; allegato I del DL Requisiti 20 agosto 2020. In tutti gli altri casi sar\u00e0 richiesta la verifica della congruit\u00e0 dei prezzi da parte di un tecnico abilitato che ne asseveri la sussistenza.<br \/>Non \u00e8 necessario il visto di conformit\u00e0.<br \/>A seguito dell&#8217;entrata in vigore del DL Antifrodi nel caso di cessione del credito e sconto in fattura, vige l&#8217;obbligo di verifica della congruit\u00e0 dei prezzi, oltre all&#8217;apposizione del visto di conformit\u00e0 da parte del CAF o del commercialista<\/p>\t\t\t\t\t\t<\/div>\n\t\t\t\t<\/div>\n\t\t\t\t\t<\/div>\n\t\t<\/div>\n\t\t\t\t<div class=\"elementor-column elementor-col-50 elementor-top-column elementor-element elementor-element-da20be8\" data-id=\"da20be8\" data-element_type=\"column\">\n\t\t\t<div class=\"elementor-widget-wrap elementor-element-populated\">\n\t\t\t\t\t\t\t\t<div class=\"elementor-element elementor-element-fa5d137 elementor-widget elementor-widget-image\" data-id=\"fa5d137\" data-element_type=\"widget\" data-widget_type=\"image.default\">\n\t\t\t\t<div class=\"elementor-widget-container\">\n\t\t\t\t\t\t\t\t\t\t\t\t\t\t\t<img decoding=\"async\" width=\"225\" height=\"225\" src=\"https:\/\/studioingegneriamagnoler.com\/wp-content\/uploads\/2022\/12\/images4.jpg\" class=\"attachment-large size-large wp-image-581\" alt=\"\" loading=\"lazy\" srcset=\"https:\/\/studioingegneriamagnoler.com\/wp-content\/uploads\/2022\/12\/images4.jpg 225w, https:\/\/studioingegneriamagnoler.com\/wp-content\/uploads\/2022\/12\/images4-150x150.jpg 150w\" sizes=\"(max-width: 225px) 100vw, 225px\" \/>\t\t\t\t\t\t\t\t\t\t\t\t\t\t\t<\/div>\n\t\t\t\t<\/div>\n\t\t\t\t\t<\/div>\n\t\t<\/div>\n\t\t\t\t\t\t\t<\/div>\n\t\t<\/section>\n\t\t\t\t\t\t\t<\/div>\n\t\t","protected":false},"excerpt":{"rendered":"<p>Ecobonus: caratteristiche della detrazione L&#8217;Ecobonus \u00e8 un&#8217;agevolazione fiscale prevista per i contribuenti che sostengono spese per interventi di riqualificazione energetica nella propria casa, sugli edifici condominiali o sugli uffici, negozi, capannoni. Tale agevolazione, consiste in una detrazioni dall\u2019Irpef se la spesa \u00e8 effettuata dal contribuente privato o dall\u2019Ires se impresa o societ\u00e0, che lo Stato &hellip;<\/p>\n<p class=\"read-more\"> <a class=\"\" href=\"https:\/\/studioingegneriamagnoler.com\/?page_id=331\"> <span class=\"screen-reader-text\">BONUSFISCALI<\/span> Leggi altro &raquo;<\/a><\/p>\n","protected":false},"author":1,"featured_media":0,"parent":0,"menu_order":0,"comment_status":"closed","ping_status":"closed","template":"","meta":{"om_disable_all_campaigns":false,"_mi_skip_tracking":false,"site-sidebar-layout":"no-sidebar","site-content-layout":"page-builder","ast-global-header-display":"","ast-main-header-display":"","ast-hfb-above-header-display":"","ast-hfb-below-header-display":"","ast-hfb-mobile-header-display":"","site-post-title":"disabled","ast-breadcrumbs-content":"","ast-featured-img":"disabled","footer-sml-layout":"","theme-transparent-header-meta":"","adv-header-id-meta":"","stick-header-meta":"","header-above-stick-meta":"","header-main-stick-meta":"","header-below-stick-meta":""},"aioseo_notices":[],"_links":{"self":[{"href":"https:\/\/studioingegneriamagnoler.com\/index.php?rest_route=\/wp\/v2\/pages\/331"}],"collection":[{"href":"https:\/\/studioingegneriamagnoler.com\/index.php?rest_route=\/wp\/v2\/pages"}],"about":[{"href":"https:\/\/studioingegneriamagnoler.com\/index.php?rest_route=\/wp\/v2\/types\/page"}],"author":[{"embeddable":true,"href":"https:\/\/studioingegneriamagnoler.com\/index.php?rest_route=\/wp\/v2\/users\/1"}],"replies":[{"embeddable":true,"href":"https:\/\/studioingegneriamagnoler.com\/index.php?rest_route=%2Fwp%2Fv2%2Fcomments&post=331"}],"version-history":[{"count":7,"href":"https:\/\/studioingegneriamagnoler.com\/index.php?rest_route=\/wp\/v2\/pages\/331\/revisions"}],"predecessor-version":[{"id":598,"href":"https:\/\/studioingegneriamagnoler.com\/index.php?rest_route=\/wp\/v2\/pages\/331\/revisions\/598"}],"wp:attachment":[{"href":"https:\/\/studioingegneriamagnoler.com\/index.php?rest_route=%2Fwp%2Fv2%2Fmedia&parent=331"}],"curies":[{"name":"wp","href":"https:\/\/api.w.org\/{rel}","templated":true}]}}